{"id":14761,"date":"2020-09-25T15:30:44","date_gmt":"2020-09-25T15:30:44","guid":{"rendered":"https:\/\/start.cargoclix.com\/gracias\/"},"modified":"2020-10-28T09:10:54","modified_gmt":"2020-10-28T09:10:54","slug":"thank-you-2","status":"publish","type":"page","link":"https:\/\/stage-start.cargoclix.com\/es\/thank-you-2\/","title":{"rendered":"Gracias!"},"content":{"rendered":"<p>[vc_row rt_row_background_width=&#8221;fullwidth&#8221; rt_row_content_width=&#8221;default&#8221; rt_row_style=&#8221;default-style&#8221; rt_row_height=&#8221;&#8221; rt_column_gaps=&#8221;&#8221; rt_row_shadows=&#8221;&#8221; rt_row_borders=&#8221;&#8221; rt_bg_effect=&#8221;classic&#8221; rt_bg_image_repeat=&#8221;repeat&#8221; rt_bg_size=&#8221;cover&#8221; rt_bg_position=&#8221;right top&#8221; rt_bg_attachment=&#8221;scroll&#8221; rt_bg_layer=&#8221;&#8221; rt_bg_video_format=&#8221;self-hosted&#8221;][vc_column width=&#8221;1\/2&#8243; rt_bg_effect=&#8221;classic&#8221; rt_bg_image_repeat=&#8221;repeat&#8221; rt_bg_size=&#8221;auto auto&#8221; rt_bg_position=&#8221;right top&#8221; rt_bg_attachment=&#8221;scroll&#8221;]<div class=\"rt-heading-wrapper rt-3150936\">\n\t\t\t\t\t\t<h2 class=\"rt-heading\" >Gracias por suscribirte a nuestro bolet\u00edn de noticias.<\/h2>\n\t\t\t\t\t<\/div>\n\t\t<article class=\"content-box content-box2\">\n\t\t<div class=\"rt-heading-wrapper\">\n\t\t\t\t\t\t<h1 class=\"rt-heading\" ><\/h1>\n\t\t\t\t\t<\/div>\n\t\t<div class=\"content-holder\">\n\t\t\t<p><span style=\"font-weight: 400;\">El correo electr\u00f3nico de confirmaci\u00f3n fue enviado a tu bandeja de entrada.<\/span><\/p>\n<p><span style=\"font-weight: 400;\">Gracias por suscribirte a nuestro bolet\u00edn de noticias y por su inter\u00e9s en Cargoclix y nuestros productos. Ser\u00e1s el primero en conocer nuestros nuevos clientes y las mejoras.<\/span><\/p>\n<p><span style=\"font-weight: 400;\">Si tienes alguna pregunta, no dudes en ponerte en contacto con nosotros.<\/span><\/p>\n<p><span style=\"font-weight: 400;\">Tel\u00e9fono: +49 (0) 761 \/ 20 55 11 00<\/span><\/p>\n<p><span style=\"font-weight: 400;\">Email: newsletter@cargoclix.com<\/span><\/p>\n\n\t\t\t\n\t\t<\/div>\n\t\t<\/article>\n\t\t[vc_empty_space][\/vc_column][vc_column width=&#8221;1\/2&#8243; rt_bg_effect=&#8221;classic&#8221; rt_bg_image_repeat=&#8221;repeat&#8221; rt_bg_size=&#8221;auto auto&#8221; rt_bg_position=&#8221;right top&#8221; rt_bg_attachment=&#8221;scroll&#8221;][vc_single_image image=&#8221;14566&#8243; img_size=&#8221;full&#8221; alignment=&#8221;right&#8221;][\/vc_column][\/vc_row]<\/p>\n","protected":false},"excerpt":{"rendered":"<p>[vc_row rt_row_background_width=&#8221;fullwidth&#8221; rt_row_content_width=&#8221;default&#8221; rt_row_style=&#8221;default-style&#8221; rt_row_height=&#8221;&#8221; rt_column_gaps=&#8221;&#8221; rt_row_shadows=&#8221;&#8221; rt_row_borders=&#8221;&#8221; rt_bg_effect=&#8221;classic&#8221; rt_bg_image_repeat=&#8221;repeat&#8221; rt_bg_size=&#8221;cover&#8221; rt_bg_position=&#8221;right top&#8221; rt_bg_attachment=&#8221;scroll&#8221; rt_bg_layer=&#8221;&#8221; rt_bg_video_format=&#8221;self-hosted&#8221;][vc_column width=&#8221;1\/2&#8243; rt_bg_effect=&#8221;classic&#8221; rt_bg_image_repeat=&#8221;repeat&#8221; rt_bg_size=&#8221;auto auto&#8221; rt_bg_position=&#8221;right top&#8221; rt_bg_attachment=&#8221;scroll&#8221;][vc_empty_space][\/vc_column][vc_column width=&#8221;1\/2&#8243; rt_bg_effect=&#8221;classic&#8221; rt_bg_image_repeat=&#8221;repeat&#8221; rt_bg_size=&#8221;auto auto&#8221; rt_bg_position=&#8221;right top&#8221; rt_bg_attachment=&#8221;scroll&#8221;][vc_single_image image=&#8221;14566&#8243; img_size=&#8221;full&#8221; alignment=&#8221;right&#8221;][\/vc_column][\/vc_row]<\/p>\n","protected":false},"author":1,"featured_media":0,"parent":0,"menu_order":0,"comment_status":"closed","ping_status":"closed","template":"","meta":{"_monsterinsights_skip_tracking":false,"_monsterinsights_sitenote_active":false,"_monsterinsights_sitenote_note":"","_monsterinsights_sitenote_category":0,"footnotes":""},"class_list":["post-14761","page","type-page","status-publish","hentry"],"yoast_head":"<!-- This site is optimized with the Yoast SEO plugin v27.1.1 - https:\/\/yoast.com\/product\/yoast-seo-wordpress\/ -->\n<title>Gracias! - Cargoclix<\/title>\n<meta name=\"robots\" content=\"index, follow, max-snippet:-1, max-image-preview:large, max-video-preview:-1\" \/>\n<link rel=\"canonical\" href=\"https:\/\/stage-start.cargoclix.com\/es\/thank-you-2\/\" \/>\n<meta property=\"og:locale\" content=\"es_ES\" \/>\n<meta property=\"og:type\" content=\"article\" \/>\n<meta property=\"og:title\" content=\"Gracias! - Cargoclix\" \/>\n<meta property=\"og:description\" content=\"[vc_row rt_row_background_width=&#8221;fullwidth&#8221; rt_row_content_width=&#8221;default&#8221; rt_row_style=&#8221;default-style&#8221; rt_row_height=&#8221;&#8221; rt_column_gaps=&#8221;&#8221; rt_row_shadows=&#8221;&#8221; rt_row_borders=&#8221;&#8221; rt_bg_effect=&#8221;classic&#8221; rt_bg_image_repeat=&#8221;repeat&#8221; rt_bg_size=&#8221;cover&#8221; rt_bg_position=&#8221;right top&#8221; rt_bg_attachment=&#8221;scroll&#8221; rt_bg_layer=&#8221;&#8221; rt_bg_video_format=&#8221;self-hosted&#8221;][vc_column width=&#8221;1\/2&#8243; rt_bg_effect=&#8221;classic&#8221; rt_bg_image_repeat=&#8221;repeat&#8221; rt_bg_size=&#8221;auto auto&#8221; rt_bg_position=&#8221;right top&#8221; rt_bg_attachment=&#8221;scroll&#8221;][vc_empty_space][\/vc_column][vc_column width=&#8221;1\/2&#8243; rt_bg_effect=&#8221;classic&#8221; rt_bg_image_repeat=&#8221;repeat&#8221; rt_bg_size=&#8221;auto auto&#8221; rt_bg_position=&#8221;right top&#8221; rt_bg_attachment=&#8221;scroll&#8221;][vc_single_image image=&#8221;14566&#8243; img_size=&#8221;full&#8221; alignment=&#8221;right&#8221;][\/vc_column][\/vc_row]\" \/>\n<meta property=\"og:url\" content=\"https:\/\/stage-start.cargoclix.com\/es\/thank-you-2\/\" \/>\n<meta property=\"og:site_name\" content=\"Cargoclix\" \/>\n<meta property=\"article:publisher\" content=\"https:\/\/web.facebook.com\/cargoclix\/\" \/>\n<meta property=\"article:modified_time\" content=\"2020-10-28T09:10:54+00:00\" \/>\n<meta property=\"og:image\" content=\"https:\/\/stage-start.cargoclix.com\/wp-content\/uploads\/2019\/02\/ccx2.png\" \/>\n\t<meta property=\"og:image:width\" content=\"746\" \/>\n\t<meta property=\"og:image:height\" content=\"746\" \/>\n\t<meta property=\"og:image:type\" content=\"image\/png\" \/>\n<meta name=\"twitter:card\" content=\"summary_large_image\" \/>\n<meta name=\"twitter:label1\" content=\"Tiempo de lectura\" \/>\n\t<meta name=\"twitter:data1\" content=\"1 minuto\" \/>\n<script type=\"application\/ld+json\" class=\"yoast-schema-graph\">{\"@context\":\"https:\/\/schema.org\",\"@graph\":[{\"@type\":\"WebPage\",\"@id\":\"https:\/\/stage-start.cargoclix.com\/es\/thank-you-2\/\",\"url\":\"https:\/\/stage-start.cargoclix.com\/es\/thank-you-2\/\",\"name\":\"Gracias! - Cargoclix\",\"isPartOf\":{\"@id\":\"https:\/\/stage-start.cargoclix.com\/#website\"},\"datePublished\":\"2020-09-25T15:30:44+00:00\",\"dateModified\":\"2020-10-28T09:10:54+00:00\",\"breadcrumb\":{\"@id\":\"https:\/\/stage-start.cargoclix.com\/es\/thank-you-2\/#breadcrumb\"},\"inLanguage\":\"es\",\"potentialAction\":[{\"@type\":\"ReadAction\",\"target\":[\"https:\/\/stage-start.cargoclix.com\/es\/thank-you-2\/\"]}]},{\"@type\":\"BreadcrumbList\",\"@id\":\"https:\/\/stage-start.cargoclix.com\/es\/thank-you-2\/#breadcrumb\",\"itemListElement\":[{\"@type\":\"ListItem\",\"position\":1,\"name\":\"Home\",\"item\":\"https:\/\/stage-start.cargoclix.com\/es\/\"},{\"@type\":\"ListItem\",\"position\":2,\"name\":\"Gracias!\"}]},{\"@type\":\"WebSite\",\"@id\":\"https:\/\/stage-start.cargoclix.com\/#website\",\"url\":\"https:\/\/stage-start.cargoclix.com\/\",\"name\":\"Cargoclix\",\"description\":\"The logistics platform\",\"publisher\":{\"@id\":\"https:\/\/stage-start.cargoclix.com\/#organization\"},\"potentialAction\":[{\"@type\":\"SearchAction\",\"target\":{\"@type\":\"EntryPoint\",\"urlTemplate\":\"https:\/\/stage-start.cargoclix.com\/?s={search_term_string}\"},\"query-input\":{\"@type\":\"PropertyValueSpecification\",\"valueRequired\":true,\"valueName\":\"search_term_string\"}}],\"inLanguage\":\"es\"},{\"@type\":\"Organization\",\"@id\":\"https:\/\/stage-start.cargoclix.com\/#organization\",\"name\":\"CARGOCLIX Dr. Meier & Schmidt GmbH\",\"url\":\"https:\/\/stage-start.cargoclix.com\/\",\"logo\":{\"@type\":\"ImageObject\",\"inLanguage\":\"es\",\"@id\":\"https:\/\/stage-start.cargoclix.com\/#\/schema\/logo\/image\/\",\"url\":\"https:\/\/stage-start.cargoclix.com\/wp-content\/uploads\/2019\/09\/cargoclix-logo.png\",\"contentUrl\":\"https:\/\/stage-start.cargoclix.com\/wp-content\/uploads\/2019\/09\/cargoclix-logo.png\",\"width\":717,\"height\":214,\"caption\":\"CARGOCLIX Dr. Meier & Schmidt GmbH\"},\"image\":{\"@id\":\"https:\/\/stage-start.cargoclix.com\/#\/schema\/logo\/image\/\"},\"sameAs\":[\"https:\/\/web.facebook.com\/cargoclix\/\",\"https:\/\/www.linkedin.com\/company\/cargoclix-dr.-meier-&amp;amp;amp;amp;amp;amp;amp;amp;amp;amp;amp;amp;-schmidt-gmbh\",\"https:\/\/www.youtube.com\/channel\/UCc-a2T_VMYfiSYkms8roDug\"]}]}<\/script>\n<!-- \/ Yoast SEO plugin. -->","yoast_head_json":{"title":"Gracias! - Cargoclix","robots":{"index":"index","follow":"follow","max-snippet":"max-snippet:-1","max-image-preview":"max-image-preview:large","max-video-preview":"max-video-preview:-1"},"canonical":"https:\/\/stage-start.cargoclix.com\/es\/thank-you-2\/","og_locale":"es_ES","og_type":"article","og_title":"Gracias! - Cargoclix","og_description":"[vc_row rt_row_background_width=&#8221;fullwidth&#8221; rt_row_content_width=&#8221;default&#8221; rt_row_style=&#8221;default-style&#8221; rt_row_height=&#8221;&#8221; rt_column_gaps=&#8221;&#8221; rt_row_shadows=&#8221;&#8221; rt_row_borders=&#8221;&#8221; rt_bg_effect=&#8221;classic&#8221; rt_bg_image_repeat=&#8221;repeat&#8221; rt_bg_size=&#8221;cover&#8221; rt_bg_position=&#8221;right top&#8221; rt_bg_attachment=&#8221;scroll&#8221; rt_bg_layer=&#8221;&#8221; rt_bg_video_format=&#8221;self-hosted&#8221;][vc_column width=&#8221;1\/2&#8243; rt_bg_effect=&#8221;classic&#8221; rt_bg_image_repeat=&#8221;repeat&#8221; rt_bg_size=&#8221;auto auto&#8221; rt_bg_position=&#8221;right top&#8221; rt_bg_attachment=&#8221;scroll&#8221;][vc_empty_space][\/vc_column][vc_column width=&#8221;1\/2&#8243; rt_bg_effect=&#8221;classic&#8221; rt_bg_image_repeat=&#8221;repeat&#8221; rt_bg_size=&#8221;auto auto&#8221; rt_bg_position=&#8221;right top&#8221; rt_bg_attachment=&#8221;scroll&#8221;][vc_single_image image=&#8221;14566&#8243; img_size=&#8221;full&#8221; alignment=&#8221;right&#8221;][\/vc_column][\/vc_row]","og_url":"https:\/\/stage-start.cargoclix.com\/es\/thank-you-2\/","og_site_name":"Cargoclix","article_publisher":"https:\/\/web.facebook.com\/cargoclix\/","article_modified_time":"2020-10-28T09:10:54+00:00","og_image":[{"width":746,"height":746,"url":"https:\/\/stage-start.cargoclix.com\/wp-content\/uploads\/2019\/02\/ccx2.png","type":"image\/png"}],"twitter_card":"summary_large_image","twitter_misc":{"Tiempo de lectura":"1 minuto"},"schema":{"@context":"https:\/\/schema.org","@graph":[{"@type":"WebPage","@id":"https:\/\/stage-start.cargoclix.com\/es\/thank-you-2\/","url":"https:\/\/stage-start.cargoclix.com\/es\/thank-you-2\/","name":"Gracias! - Cargoclix","isPartOf":{"@id":"https:\/\/stage-start.cargoclix.com\/#website"},"datePublished":"2020-09-25T15:30:44+00:00","dateModified":"2020-10-28T09:10:54+00:00","breadcrumb":{"@id":"https:\/\/stage-start.cargoclix.com\/es\/thank-you-2\/#breadcrumb"},"inLanguage":"es","potentialAction":[{"@type":"ReadAction","target":["https:\/\/stage-start.cargoclix.com\/es\/thank-you-2\/"]}]},{"@type":"BreadcrumbList","@id":"https:\/\/stage-start.cargoclix.com\/es\/thank-you-2\/#breadcrumb","itemListElement":[{"@type":"ListItem","position":1,"name":"Home","item":"https:\/\/stage-start.cargoclix.com\/es\/"},{"@type":"ListItem","position":2,"name":"Gracias!"}]},{"@type":"WebSite","@id":"https:\/\/stage-start.cargoclix.com\/#website","url":"https:\/\/stage-start.cargoclix.com\/","name":"Cargoclix","description":"The logistics platform","publisher":{"@id":"https:\/\/stage-start.cargoclix.com\/#organization"},"potentialAction":[{"@type":"SearchAction","target":{"@type":"EntryPoint","urlTemplate":"https:\/\/stage-start.cargoclix.com\/?s={search_term_string}"},"query-input":{"@type":"PropertyValueSpecification","valueRequired":true,"valueName":"search_term_string"}}],"inLanguage":"es"},{"@type":"Organization","@id":"https:\/\/stage-start.cargoclix.com\/#organization","name":"CARGOCLIX Dr. Meier & Schmidt GmbH","url":"https:\/\/stage-start.cargoclix.com\/","logo":{"@type":"ImageObject","inLanguage":"es","@id":"https:\/\/stage-start.cargoclix.com\/#\/schema\/logo\/image\/","url":"https:\/\/stage-start.cargoclix.com\/wp-content\/uploads\/2019\/09\/cargoclix-logo.png","contentUrl":"https:\/\/stage-start.cargoclix.com\/wp-content\/uploads\/2019\/09\/cargoclix-logo.png","width":717,"height":214,"caption":"CARGOCLIX Dr. Meier & Schmidt GmbH"},"image":{"@id":"https:\/\/stage-start.cargoclix.com\/#\/schema\/logo\/image\/"},"sameAs":["https:\/\/web.facebook.com\/cargoclix\/","https:\/\/www.linkedin.com\/company\/cargoclix-dr.-meier-&amp;amp;amp;amp;amp;amp;amp;amp;amp;amp;amp;amp;-schmidt-gmbh","https:\/\/www.youtube.com\/channel\/UCc-a2T_VMYfiSYkms8roDug"]}]}},"_links":{"self":[{"href":"https:\/\/stage-start.cargoclix.com\/es\/wp-json\/wp\/v2\/pages\/14761","targetHints":{"allow":["GET"]}}],"collection":[{"href":"https:\/\/stage-start.cargoclix.com\/es\/wp-json\/wp\/v2\/pages"}],"about":[{"href":"https:\/\/stage-start.cargoclix.com\/es\/wp-json\/wp\/v2\/types\/page"}],"author":[{"embeddable":true,"href":"https:\/\/stage-start.cargoclix.com\/es\/wp-json\/wp\/v2\/users\/1"}],"replies":[{"embeddable":true,"href":"https:\/\/stage-start.cargoclix.com\/es\/wp-json\/wp\/v2\/comments?post=14761"}],"version-history":[{"count":6,"href":"https:\/\/stage-start.cargoclix.com\/es\/wp-json\/wp\/v2\/pages\/14761\/revisions"}],"predecessor-version":[{"id":14852,"href":"https:\/\/stage-start.cargoclix.com\/es\/wp-json\/wp\/v2\/pages\/14761\/revisions\/14852"}],"wp:attachment":[{"href":"https:\/\/stage-start.cargoclix.com\/es\/wp-json\/wp\/v2\/media?parent=14761"}],"curies":[{"name":"wp","href":"https:\/\/api.w.org\/{rel}","templated":true}]}}